{"id":43,"date":"2022-03-31T23:11:44","date_gmt":"2022-03-31T21:11:44","guid":{"rendered":"https:\/\/www.kanalratte-sensesee.ch\/wpcms\/?page_id=43"},"modified":"2023-12-25T11:12:32","modified_gmt":"2023-12-25T10:12:32","slug":"service","status":"publish","type":"page","link":"https:\/\/www.kanalratte-sensesee.ch\/wpcms\/service\/","title":{"rendered":"SERVICE"},"content":{"rendered":"\n<div class=\"wp-block-group alignwide has-background\" style=\"background-color:#ffffff\"><div class=\"wp-block-group__inner-container is-layout-flow wp-block-group-is-layout-flow\">\n<hr class=\"wp-block-separator has-css-opacity\"\/>\n\n\n\n<p style=\"font-size:26px\"><\/p>\n\n\n\n<p style=\"font-size:26px\">Seit 2006 sind wir Ihr zuverl\u00e4ssiger Ansprechpartner  f\u00fcr innovativen und zuverl\u00e4ssigen Kanalisationsunterhalt, in der Rohrentstopfung, Kanalreinigung, Kanalinspektion und Dichtigkeitspr\u00fcfungen.<\/p>\n\n\n\n<hr class=\"wp-block-separator has-css-opacity\"\/>\n<\/div><\/div>\n\n\n\n<p>Alles Leben auf der Erde ist abh\u00e4ngig von sauberen Wasser. Unsere gesamte Bev\u00f6lkerung h\u00e4ngt davon ab, dass es in ausreichender Menge zur Verf\u00fcgung steht. Schmutzabwasserleitungen sollten deshalb regelm\u00e4ssig gesp\u00fclt und kontrolliert werden, damit kein Schmutzwasser in das Grundwasser fliessen kann. Ein dichtes Kanalsystem aus \u00f6ffentlichen und privaten Abwasserleitungen liegt auch im Intesse des Grundst\u00fcckeigent\u00fcmers.<\/p>\n\n\n\n<div class=\"wp-block-columns is-layout-flex wp-container-core-columns-is-layout-9d6595d7 wp-block-columns-is-layout-flex\">\n<div class=\"wp-block-column is-layout-flow wp-block-column-is-layout-flow\">\n<h2 class=\"wp-block-heading\">Kanalreinigung<\/h2>\n\n\n\n<p>Ob es sich um einen K\u00fcchenablauf, das Kanalnetz einer privaten Wohnsiedlung oder Sammelstr\u00e4nge im \u00f6ffentlichen Netz handelt, sind wir optimal ausger\u00fcstet. Hydrodynamische Reinigung s\u00e4mtlicher Entw\u00e4sserungsanlagen  mit abgestimmten Speziald\u00fcsen.<\/p>\n<\/div>\n\n\n\n<div class=\"wp-block-column is-layout-flow wp-block-column-is-layout-flow\">\n<h2 class=\"wp-block-heading\">Kanal-TV<\/h2>\n\n\n\n<p>Mit verschiedenen Kanalfernsehanlagen in HD Aufl\u00f6sungen haben wir die optimale L\u00f6sung. Abnahme von Entw\u00e4sserungssystemen in Neubauten, Umbauten oder nach Sanierungsma\u00dfnahmen. S\u00e4mtliche Kontrollen mit Zustandsberichte &amp; Schachtprotokollen.(Rohrdurchmesser zwischen 35mm und 1200 mm -Rundprofil)S\u00e4mtliche Kanal-TV Kontrollen nach SIA \/ VSA  Richtlinien<\/p>\n<\/div>\n<\/div>\n\n\n\n<div class=\"wp-block-columns is-layout-flex wp-container-core-columns-is-layout-9d6595d7 wp-block-columns-is-layout-flex\">\n<div class=\"wp-block-column is-layout-flow wp-block-column-is-layout-flow\">\n<h2 class=\"wp-block-heading\">Dichtheitspr\u00fcfung<\/h2>\n\n\n\n<p>Dichtheitspr\u00fcfungen von ganzen Haltungen, Teilabschnitten und Siedlungsentw\u00e4sserungsanlagen. Pr\u00fcfen von Muffen, Beh\u00e4ltern, Becken und Sch\u00e4chten. Wir pr\u00fcfen Rundprofile bis 400 mm. \u200bAbwasser-Druckleitungen nach EN 805. S\u00e4mtliche Dichtheitspr\u00fcfungen nach SIA VSA Richtlinien. <\/p>\n<\/div>\n\n\n\n<div class=\"wp-block-column is-layout-flow wp-block-column-is-layout-flow\">\n<h2 class=\"wp-block-heading\">Saugarbeiten<\/h2>\n\n\n\n<p>Das angefallene Sp\u00fclgut wird fachgerecht bei anerkannten Annahmestellen entsorgt..<\/p>\n<\/div>\n<\/div>\n\n\n<div\n    \tclass=\"free align wp-block-csb-content-slider-block\"    id='csbContentSlider-1' \n    data-attributes='{&quot;cId&quot;:&quot;000b97ae-4&quot;,&quot;isPremium&quot;:false,&quot;slides&quot;:[{&quot;background&quot;:{&quot;color&quot;:&quot;#00000080&quot;,&quot;type&quot;:&quot;image&quot;,&quot;gradient&quot;:&quot;linear-gradient(135deg, #4527a4, #8344c5)&quot;,&quot;image&quot;:{&quot;id&quot;:73,&quot;url&quot;:&quot;https:\\\/\\\/www.kanalratte-sensesee.ch\\\/wpcms\\\/wp-content\\\/uploads\\\/2022\\\/04\\\/01.jpg&quot;,&quot;alt&quot;:&quot;&quot;,&quot;title&quot;:&quot;01&quot;},&quot;position&quot;:&quot;center center&quot;,&quot;attachment&quot;:&quot;initial&quot;,&quot;repeat&quot;:&quot;no-repeat&quot;,&quot;size&quot;:&quot;contain&quot;,&quot;overlayColor&quot;:&quot;rgba(0, 0, 0, 0)&quot;,&quot;styles&quot;:&quot;background-image: url(https:\\\/\\\/www.kanalratte-sensesee.ch\\\/wpcms\\\/wp-content\\\/uploads\\\/2022\\\/04\\\/01.jpg); background-position: center center; background-size: contain; background-repeat: no-repeat; background-color: rgba(0, 0, 0, 0); background-blend-mode: overlay;&quot;},&quot;position&quot;:&quot;&quot;,&quot;childPositions&quot;:[{&quot;top&quot;:35.5,&quot;left&quot;:45.0390625},{&quot;top&quot;:47.875,&quot;left&quot;:36.9140625},{&quot;top&quot;:55.75,&quot;left&quot;:44.9609375}],&quot;title&quot;:&quot;&quot;,&quot;titleColor&quot;:&quot;#fff&quot;,&quot;description&quot;:&quot;&quot;,&quot;descColor&quot;:&quot;#fff&quot;,&quot;btnText&quot;:&quot;&quot;,&quot;btnLink&quot;:&quot;&quot;,&quot;btnColors&quot;:{&quot;color&quot;:&quot;#fff&quot;,&quot;bg&quot;:&quot;#4527a4&quot;,&quot;bgType&quot;:&quot;solid&quot;,&quot;gradient&quot;:&quot;linear-gradient(135deg, #4527a4, #8344c5)&quot;,&quot;styles&quot;:&quot;color: #fff; background: #4527a4;&quot;},&quot;btnHovColors&quot;:{&quot;color&quot;:&quot;#fff&quot;,&quot;bg&quot;:&quot;#8344c5&quot;,&quot;bgType&quot;:&quot;solid&quot;,&quot;gradient&quot;:&quot;linear-gradient(135deg, #4527a4, #8344c5)&quot;,&quot;styles&quot;:&quot;color: #fff; background: #8344c5;&quot;}},{&quot;background&quot;:{&quot;color&quot;:&quot;#00000080&quot;,&quot;type&quot;:&quot;image&quot;,&quot;gradient&quot;:&quot;linear-gradient(135deg, #4527a4, #8344c5)&quot;,&quot;image&quot;:{&quot;id&quot;:74,&quot;url&quot;:&quot;https:\\\/\\\/www.kanalratte-sensesee.ch\\\/wpcms\\\/wp-content\\\/uploads\\\/2022\\\/04\\\/02.jpg&quot;,&quot;alt&quot;:&quot;&quot;,&quot;title&quot;:&quot;02&quot;},&quot;position&quot;:&quot;center center&quot;,&quot;attachment&quot;:&quot;initial&quot;,&quot;repeat&quot;:&quot;no-repeat&quot;,&quot;size&quot;:&quot;contain&quot;,&quot;overlayColor&quot;:&quot;rgba(0, 0, 0, 0)&quot;,&quot;styles&quot;:&quot;background-image: url(https:\\\/\\\/www.kanalratte-sensesee.ch\\\/wpcms\\\/wp-content\\\/uploads\\\/2022\\\/04\\\/02.jpg); background-position: center center; background-size: contain; background-repeat: no-repeat; background-color: rgba(0, 0, 0, 0); background-blend-mode: overlay;&quot;},&quot;position&quot;:&quot;&quot;,&quot;childPositions&quot;:[{&quot;top&quot;:35.5,&quot;left&quot;:45.0390625},{&quot;top&quot;:47.875,&quot;left&quot;:36.9140625},{&quot;top&quot;:55.75,&quot;left&quot;:44.9609375}],&quot;title&quot;:&quot;&quot;,&quot;titleColor&quot;:&quot;#fff&quot;,&quot;description&quot;:&quot;&quot;,&quot;descColor&quot;:&quot;#fff&quot;,&quot;btnText&quot;:&quot;&quot;,&quot;btnLink&quot;:&quot;&quot;,&quot;btnColors&quot;:{&quot;color&quot;:&quot;#fff&quot;,&quot;bg&quot;:&quot;#4527a4&quot;,&quot;bgType&quot;:&quot;solid&quot;,&quot;gradient&quot;:&quot;linear-gradient(135deg, #4527a4, #8344c5)&quot;,&quot;styles&quot;:&quot;color: #fff; background: #4527a4;&quot;},&quot;btnHovColors&quot;:{&quot;color&quot;:&quot;#fff&quot;,&quot;bg&quot;:&quot;#8344c5&quot;,&quot;bgType&quot;:&quot;solid&quot;,&quot;gradient&quot;:&quot;linear-gradient(135deg, #4527a4, #8344c5)&quot;,&quot;styles&quot;:&quot;color: #fff; background: #8344c5;&quot;}}],&quot;speed&quot;:5,&quot;pageBorder&quot;:{&quot;radius&quot;:&quot;50%&quot;,&quot;width&quot;:&quot;0px&quot;,&quot;style&quot;:&quot;solid&quot;,&quot;color&quot;:&quot;#0000&quot;,&quot;side&quot;:&quot;all&quot;,&quot;styles&quot;:&quot;border-radius: 50%;&quot;},&quot;isTitle&quot;:false,&quot;titleTypo&quot;:{&quot;fontSize&quot;:25,&quot;styles&quot;:&quot;font-size: 25px; line-height: 135%;&quot;,&quot;googleFontLink&quot;:&quot;https:\\\/\\\/fonts.googleapis.com\\\/css2?family=Open+Sans&amp;display=swap&quot;},&quot;isDesc&quot;:false,&quot;descTypo&quot;:{&quot;fontSize&quot;:15,&quot;styles&quot;:&quot;font-size: 15px; line-height: 135%;&quot;,&quot;googleFontLink&quot;:&quot;https:\\\/\\\/fonts.googleapis.com\\\/css2?family=Open+Sans&amp;display=swap&quot;},&quot;isBtn&quot;:false,&quot;btnTypo&quot;:{&quot;fontSize&quot;:16,&quot;styles&quot;:&quot;font-size: 16px; line-height: 135%;&quot;,&quot;googleFontLink&quot;:&quot;https:\\\/\\\/fonts.googleapis.com\\\/css2?family=Open+Sans&amp;display=swap&quot;},&quot;btnPadding&quot;:{&quot;vertical&quot;:&quot;12px&quot;,&quot;horizontal&quot;:&quot;35px&quot;,&quot;side&quot;:2,&quot;top&quot;:&quot;0px&quot;,&quot;right&quot;:&quot;0px&quot;,&quot;bottom&quot;:&quot;0px&quot;,&quot;left&quot;:&quot;0px&quot;,&quot;styles&quot;:&quot;12px 35px&quot;},&quot;btnBorder&quot;:{&quot;radius&quot;:&quot;3px&quot;,&quot;width&quot;:&quot;0px&quot;,&quot;style&quot;:&quot;solid&quot;,&quot;color&quot;:&quot;#0000&quot;,&quot;side&quot;:&quot;all&quot;,&quot;styles&quot;:&quot;border-radius: 3px;&quot;},&quot;align&quot;:&quot;&quot;,&quot;columns&quot;:{&quot;desktop&quot;:1,&quot;tablet&quot;:1,&quot;mobile&quot;:1},&quot;columnGap&quot;:15,&quot;sliderWidth&quot;:&quot;100%&quot;,&quot;sliderHeight&quot;:&quot;400px&quot;,&quot;sliderAlign&quot;:&quot;center&quot;,&quot;isLoop&quot;:true,&quot;isTouchMove&quot;:true,&quot;isAutoplay&quot;:true,&quot;autoplayOptions&quot;:{&quot;delay&quot;:1.5,&quot;disableOnInteraction&quot;:false,&quot;reverseDirection&quot;:false,&quot;pauseOnMouseEnter&quot;:false,&quot;stopOnLastSlide&quot;:false},&quot;freeModeOptions&quot;:{&quot;enabled&quot;:false,&quot;sticky&quot;:false},&quot;effect&quot;:&quot;slide&quot;,&quot;keyboardOptions&quot;:{&quot;enabled&quot;:false},&quot;isMousewheel&quot;:false,&quot;isPage&quot;:true,&quot;pageOnDevice&quot;:{&quot;tablet&quot;:true,&quot;mobile&quot;:true},&quot;isPageClickable&quot;:true,&quot;isPageDynamic&quot;:true,&quot;isPrevNext&quot;:true,&quot;prevNextOnDevice&quot;:{&quot;tablet&quot;:true,&quot;mobile&quot;:true},&quot;sliderBG&quot;:{&quot;color&quot;:&quot;#0000&quot;},&quot;sliderPadding&quot;:{&quot;vertical&quot;:&quot;0px&quot;,&quot;horizontal&quot;:&quot;0px&quot;},&quot;pageColor&quot;:&quot;#fff&quot;,&quot;pageWidth&quot;:&quot;15px&quot;,&quot;pageHeight&quot;:&quot;15px&quot;,&quot;prevNextColor&quot;:&quot;#fff&quot;,&quot;descColor&quot;:&quot;&quot;,&quot;linkTarget&quot;:&quot;_blank&quot;}'\n><\/div>\n\n\n<figure class=\"wp-block-image size-large\"><img loading=\"lazy\" decoding=\"async\" width=\"1024\" height=\"576\" src=\"https:\/\/www.kanalratte-sensesee.ch\/wpcms\/wp-content\/uploads\/2023\/12\/16_9_JPEG-1024x576.jpg\" alt=\"\" class=\"wp-image-594\" srcset=\"https:\/\/www.kanalratte-sensesee.ch\/wpcms\/wp-content\/uploads\/2023\/12\/16_9_JPEG-1024x576.jpg 1024w, https:\/\/www.kanalratte-sensesee.ch\/wpcms\/wp-content\/uploads\/2023\/12\/16_9_JPEG-300x169.jpg 300w, https:\/\/www.kanalratte-sensesee.ch\/wpcms\/wp-content\/uploads\/2023\/12\/16_9_JPEG-768x432.jpg 768w, https:\/\/www.kanalratte-sensesee.ch\/wpcms\/wp-content\/uploads\/2023\/12\/16_9_JPEG-1536x864.jpg 1536w, https:\/\/www.kanalratte-sensesee.ch\/wpcms\/wp-content\/uploads\/2023\/12\/16_9_JPEG-2048x1152.jpg 2048w\" sizes=\"auto, (max-width: 1024px) 100vw, 1024px\" \/><\/figure>\n","protected":false},"excerpt":{"rendered":"<p>Seit 2006&#46;&#46;&#46;<\/p>\n","protected":false},"author":1,"featured_media":0,"parent":0,"menu_order":20,"comment_status":"closed","ping_status":"closed","template":"","meta":{"footnotes":""},"class_list":["post-43","page","type-page","status-publish","hentry"],"_links":{"self":[{"href":"https:\/\/www.kanalratte-sensesee.ch\/wpcms\/wp-json\/wp\/v2\/pages\/43","targetHints":{"allow":["GET"]}}],"collection":[{"href":"https:\/\/www.kanalratte-sensesee.ch\/wpcms\/wp-json\/wp\/v2\/pages"}],"about":[{"href":"https:\/\/www.kanalratte-sensesee.ch\/wpcms\/wp-json\/wp\/v2\/types\/page"}],"author":[{"embeddable":true,"href":"https:\/\/www.kanalratte-sensesee.ch\/wpcms\/wp-json\/wp\/v2\/users\/1"}],"replies":[{"embeddable":true,"href":"https:\/\/www.kanalratte-sensesee.ch\/wpcms\/wp-json\/wp\/v2\/comments?post=43"}],"version-history":[{"count":6,"href":"https:\/\/www.kanalratte-sensesee.ch\/wpcms\/wp-json\/wp\/v2\/pages\/43\/revisions"}],"predecessor-version":[{"id":602,"href":"https:\/\/www.kanalratte-sensesee.ch\/wpcms\/wp-json\/wp\/v2\/pages\/43\/revisions\/602"}],"wp:attachment":[{"href":"https:\/\/www.kanalratte-sensesee.ch\/wpcms\/wp-json\/wp\/v2\/media?parent=43"}],"curies":[{"name":"wp","href":"https:\/\/api.w.org\/{rel}","templated":true}]}}