{"id":157,"date":"2022-04-04T22:56:35","date_gmt":"2022-04-04T20:56:35","guid":{"rendered":"https:\/\/www.kanalratte-sensesee.ch\/wpcms\/?page_id=157"},"modified":"2022-07-05T13:26:53","modified_gmt":"2022-07-05T11:26:53","slug":"dichtheitspruefung","status":"publish","type":"page","link":"https:\/\/www.kanalratte-sensesee.ch\/wpcms\/dienstleistungen\/dichtheitspruefung\/","title":{"rendered":"Dichtheitspr\u00fcfung"},"content":{"rendered":"\n<figure class=\"wp-block-image size-full\"><img loading=\"lazy\" decoding=\"async\" width=\"845\" height=\"250\" src=\"https:\/\/www.kanalratte-sensesee.ch\/wpcms\/wp-content\/uploads\/2022\/04\/13-Dichtheitspruefung-01.jpg\" alt=\"\" class=\"wp-image-158\" srcset=\"https:\/\/www.kanalratte-sensesee.ch\/wpcms\/wp-content\/uploads\/2022\/04\/13-Dichtheitspruefung-01.jpg 845w, https:\/\/www.kanalratte-sensesee.ch\/wpcms\/wp-content\/uploads\/2022\/04\/13-Dichtheitspruefung-01-300x89.jpg 300w, https:\/\/www.kanalratte-sensesee.ch\/wpcms\/wp-content\/uploads\/2022\/04\/13-Dichtheitspruefung-01-768x227.jpg 768w\" sizes=\"auto, (max-width: 845px) 100vw, 845px\" \/><\/figure>\n\n\n\n<h3 class=\"wp-block-heading\">Unsere Dienstleistungen im \u00dcberblick<\/h3>\n\n\n\n<ul class=\"wp-block-list\"><li>Dichtheitspr\u00fcfung von Haltungen und Teilabschnitten von Abwasserleitungen<\/li><li>Dichtheitspr\u00fcfung von&nbsp;Neubauabnahmen, Siedlungsentw\u00e4sserungsanlagen und Sanierungsobjekte \u200b<\/li><li>Dichtheitspr\u00fcfung von Hausanschl\u00fcssen, Grundleitungen, Regenabwasserleitungen<\/li><li>Dichtheitspr\u00fcfung von Abwasserleitungen intern (WAS + WAR)<\/li><li>Dichtheitspr\u00fcfung von Sch\u00e4chten, Beh\u00e4ltern und Becken<\/li><li>Dichtheitspr\u00fcfung von Pumpendruckleitungen im Kontraktionsverfahren oder gem\u00e4ss Ingenieurb\u00fcro<\/li><\/ul>\n\n\n\n<p><strong>S\u00e4mtliche Dichtheitspr\u00fcfungen nach SIA \/ VSA Richtlinien. Wir pr\u00fcfen Rundprofile bis 400 mm<br><br>Abwasser-Druckleitungen nach EN 805<\/strong><\/p>\n\n\n\n<div data-wp-interactive=\"core\/file\" class=\"wp-block-file\"><object data-wp-bind--hidden=\"!state.hasPdfPreview\" hidden class=\"wp-block-file__embed\" data=\"https:\/\/www.kanalratte-sensesee.ch\/wpcms\/wp-content\/uploads\/2022\/06\/Projektzusammenfassung-Dichtheitspruefung-nach-SIA-VSA-1902017-Verfahren-Luft.pdf\" type=\"application\/pdf\" style=\"width:100%;height:1350px\" aria-label=\"Einbettung von Einbettung von Projektzusammenfassung-Dichtheitspruefung-nach-SIA-VSA-190 -Verfahren-Luft..\"><\/object><a id=\"wp-block-file--media-c8a8061b-14f5-479e-ae8a-6f508788f6d4\" href=\"https:\/\/www.kanalratte-sensesee.ch\/wpcms\/wp-content\/uploads\/2022\/06\/Projektzusammenfassung-Dichtheitspruefung-nach-SIA-VSA-1902017-Verfahren-Luft.pdf\">Projektzusammenfassung-Dichtheitspruefung-nach-SIA-VSA-190 -Verfahren-Luft<\/a><a href=\"https:\/\/www.kanalratte-sensesee.ch\/wpcms\/wp-content\/uploads\/2022\/06\/Projektzusammenfassung-Dichtheitspruefung-nach-SIA-VSA-1902017-Verfahren-Luft.pdf\" class=\"wp-block-file__button\" download aria-describedby=\"wp-block-file--media-c8a8061b-14f5-479e-ae8a-6f508788f6d4\">Herunterladen<\/a><\/div>\n","protected":false},"excerpt":{"rendered":"<p>Unsere Dienstleistungen&#46;&#46;&#46;<\/p>\n","protected":false},"author":1,"featured_media":0,"parent":2,"menu_order":13,"comment_status":"closed","ping_status":"closed","template":"","meta":{"footnotes":""},"class_list":["post-157","page","type-page","status-publish","hentry"],"_links":{"self":[{"href":"https:\/\/www.kanalratte-sensesee.ch\/wpcms\/wp-json\/wp\/v2\/pages\/157","targetHints":{"allow":["GET"]}}],"collection":[{"href":"https:\/\/www.kanalratte-sensesee.ch\/wpcms\/wp-json\/wp\/v2\/pages"}],"about":[{"href":"https:\/\/www.kanalratte-sensesee.ch\/wpcms\/wp-json\/wp\/v2\/types\/page"}],"author":[{"embeddable":true,"href":"https:\/\/www.kanalratte-sensesee.ch\/wpcms\/wp-json\/wp\/v2\/users\/1"}],"replies":[{"embeddable":true,"href":"https:\/\/www.kanalratte-sensesee.ch\/wpcms\/wp-json\/wp\/v2\/comments?post=157"}],"version-history":[{"count":11,"href":"https:\/\/www.kanalratte-sensesee.ch\/wpcms\/wp-json\/wp\/v2\/pages\/157\/revisions"}],"predecessor-version":[{"id":425,"href":"https:\/\/www.kanalratte-sensesee.ch\/wpcms\/wp-json\/wp\/v2\/pages\/157\/revisions\/425"}],"up":[{"embeddable":true,"href":"https:\/\/www.kanalratte-sensesee.ch\/wpcms\/wp-json\/wp\/v2\/pages\/2"}],"wp:attachment":[{"href":"https:\/\/www.kanalratte-sensesee.ch\/wpcms\/wp-json\/wp\/v2\/media?parent=157"}],"curies":[{"name":"wp","href":"https:\/\/api.w.org\/{rel}","templated":true}]}}