{"id":141,"date":"2022-04-04T22:32:30","date_gmt":"2022-04-04T20:32:30","guid":{"rendered":"https:\/\/www.kanalratte-sensesee.ch\/wpcms\/?page_id=141"},"modified":"2023-04-08T10:12:15","modified_gmt":"2023-04-08T08:12:15","slug":"kanal-tv","status":"publish","type":"page","link":"https:\/\/www.kanalratte-sensesee.ch\/wpcms\/dienstleistungen\/kanal-tv\/","title":{"rendered":"Kanal-TV \/ Leck- &#038; Leitungsortungen \/ Kanal-Software WinCan VX"},"content":{"rendered":"\n<h2 class=\"wp-block-heading\">Unsere Dienstleistungen im \u00dcberblick<\/h2>\n\n\n\n<ul class=\"wp-block-list\">\n<li>Zustandskontrolle von Abwasserleitungen aller Art<\/li>\n\n\n\n<li>von K\u00fcchen-, Bad-, Dusche, WC-Abl\u00e4ufen, Lavabo-Abl\u00e4ufen&#8230;.<\/li>\n\n\n\n<li>von Grund \/ Anschluss \/ Sicker \/ Regenabwasserleitungen<\/li>\n\n\n\n<li>Abnahme von Entw\u00e4sserungssystemen in Neubauten oder nach Umbauten<\/li>\n\n\n\n<li>von ganzen Haltungen und Teilabschnitten in \u00f6ffentlichen Abwasserkanalisationen<\/li>\n\n\n\n<li>von Bohrl\u00f6chern bis 100.00 m \/ Schwenk 360-Grad-Drehung,<\/li>\n\n\n\n<li>Rohrbr\u00fcche aller Art eruieren \/ Bruchstellen, Wurzeleinw\u00fcchse\u2026<\/li>\n\n\n\n<li>S\u00e4mtliche Kamerak\u00f6pfe mit Ortungssender<\/li>\n\n\n\n<li>Kanal-Software WinCan VX mit Datenaustausch, LightViewer, Intelis 2&#8230;.<\/li>\n\n\n\n<li>Schachtprotokolle mit Fotos und Videoaufnahmen&#8230;.<\/li>\n<\/ul>\n\n\n\n<p><strong>Mit verschiedenen HD Kanalfernsehanlagen haben wir die optimale L\u00f6sung.<br>Rohrdurchmesser zwischen 30mm bis 1200mm &#8211; Rundprofil + Eiprofil<\/strong><\/p>\n\n\n\n<div class=\"wp-block-columns is-layout-flex wp-container-core-columns-is-layout-9d6595d7 wp-block-columns-is-layout-flex\">\n<div class=\"wp-block-column is-layout-flow wp-block-column-is-layout-flow\">\n<figure class=\"wp-block-image size-large\"><img loading=\"lazy\" decoding=\"async\" width=\"1024\" height=\"589\" src=\"https:\/\/www.kanalratte-sensesee.ch\/wpcms\/wp-content\/uploads\/2023\/04\/Fahrwagen-1-1024x589.jpg\" alt=\"\" class=\"wp-image-551\" srcset=\"https:\/\/www.kanalratte-sensesee.ch\/wpcms\/wp-content\/uploads\/2023\/04\/Fahrwagen-1-1024x589.jpg 1024w, https:\/\/www.kanalratte-sensesee.ch\/wpcms\/wp-content\/uploads\/2023\/04\/Fahrwagen-1-300x172.jpg 300w, https:\/\/www.kanalratte-sensesee.ch\/wpcms\/wp-content\/uploads\/2023\/04\/Fahrwagen-1-768x441.jpg 768w, https:\/\/www.kanalratte-sensesee.ch\/wpcms\/wp-content\/uploads\/2023\/04\/Fahrwagen-1-1536x883.jpg 1536w, https:\/\/www.kanalratte-sensesee.ch\/wpcms\/wp-content\/uploads\/2023\/04\/Fahrwagen-1-2048x1177.jpg 2048w\" sizes=\"auto, (max-width: 1024px) 100vw, 1024px\" \/><\/figure>\n\n\n\n<p><strong>Lenkbarer Fahrwagen FW 135 + FW 90<\/strong><\/p>\n\n\n\n<ul class=\"wp-block-list\">\n<li>100\u2009\u2013\u20091600 mm -Erweiterung mit Lafette bis 3000 mm <\/li>\n\n\n\n<li>Manuelle\/automatische Lenkfunktion<\/li>\n\n\n\n<li>\u200bR\u00fcckfahrautomatik: stufenlos &#8211; Kameraschnellverschluss<\/li>\n\n\n\n<li>Elektrisches Hubgetriebe &#8211; R\u00fcckfahrkamera<\/li>\n\n\n\n<li>Permanente Druck\u00fcberwachung<\/li>\n\n\n\n<li>Neigungssensor &#8211; Temperaturmessung<\/li>\n\n\n\n<li>Fahrhilfe Eiprofil &#8211; von 200\/300mm bis 900\/1350mm<\/li>\n\n\n\n<li>Zusatzgewichte ab 150mm 1.5 kg &#8211; ab 250mm 6.6 kg<\/li>\n<\/ul>\n<\/div>\n\n\n\n<div class=\"wp-block-column is-layout-flow wp-block-column-is-layout-flow\">\n<figure class=\"wp-block-image size-large is-resized\"><img loading=\"lazy\" decoding=\"async\" src=\"https:\/\/www.kanalratte-sensesee.ch\/wpcms\/wp-content\/uploads\/2023\/04\/2-Kabeltrommel-CUBIX-300-2-1024x885.jpg\" alt=\"\" class=\"wp-image-576\" width=\"247\" height=\"213\" srcset=\"https:\/\/www.kanalratte-sensesee.ch\/wpcms\/wp-content\/uploads\/2023\/04\/2-Kabeltrommel-CUBIX-300-2-1024x885.jpg 1024w, https:\/\/www.kanalratte-sensesee.ch\/wpcms\/wp-content\/uploads\/2023\/04\/2-Kabeltrommel-CUBIX-300-2-300x259.jpg 300w, https:\/\/www.kanalratte-sensesee.ch\/wpcms\/wp-content\/uploads\/2023\/04\/2-Kabeltrommel-CUBIX-300-2-768x664.jpg 768w, https:\/\/www.kanalratte-sensesee.ch\/wpcms\/wp-content\/uploads\/2023\/04\/2-Kabeltrommel-CUBIX-300-2-1536x1328.jpg 1536w, https:\/\/www.kanalratte-sensesee.ch\/wpcms\/wp-content\/uploads\/2023\/04\/2-Kabeltrommel-CUBIX-300-2-2048x1771.jpg 2048w\" sizes=\"auto, (max-width: 247px) 100vw, 247px\" \/><\/figure>\n\n\n\n<p>\u200b&nbsp;<strong>Kabeltrommel CUBIX 300<\/strong><\/p>\n\n\n\n<ul class=\"wp-block-list\">\n<li>Elektrische Kabeltrommel mit bis zu 300 m Kamerakabel<\/li>\n\n\n\n<li>Bedienfeld mit Statusanzeige<\/li>\n\n\n\n<li>Elektrische und manuelle Bremse<\/li>\n\n\n\n<li>Abwickelhilfe <\/li>\n\n\n\n<li>Kreuzleitspindel und Klapparm zur optimalen Kabelf\u00fchrung<\/li>\n\n\n\n<li>Abmessung: 425 x 425 x 480 mm<\/li>\n\n\n\n<li>Digitales Kamerasystem mit Aufl\u00f6sung HD: 1920 x 1080 Pixel<\/li>\n\n\n\n<li>\u200bEinsatzbereich TV-Inspektion ab 100\u20133000 mm<\/li>\n<\/ul>\n<\/div>\n<\/div>\n\n\n\n<div class=\"wp-block-columns is-layout-flex wp-container-core-columns-is-layout-9d6595d7 wp-block-columns-is-layout-flex\">\n<div class=\"wp-block-column is-layout-flow wp-block-column-is-layout-flow\">\n<figure class=\"wp-block-image size-large\"><img loading=\"lazy\" decoding=\"async\" width=\"1024\" height=\"683\" src=\"https:\/\/www.kanalratte-sensesee.ch\/wpcms\/wp-content\/uploads\/2023\/04\/Schwenkkopfkamera-1024x683.jpg\" alt=\"\" class=\"wp-image-547\" srcset=\"https:\/\/www.kanalratte-sensesee.ch\/wpcms\/wp-content\/uploads\/2023\/04\/Schwenkkopfkamera-1024x683.jpg 1024w, https:\/\/www.kanalratte-sensesee.ch\/wpcms\/wp-content\/uploads\/2023\/04\/Schwenkkopfkamera-300x200.jpg 300w, https:\/\/www.kanalratte-sensesee.ch\/wpcms\/wp-content\/uploads\/2023\/04\/Schwenkkopfkamera-768x512.jpg 768w, https:\/\/www.kanalratte-sensesee.ch\/wpcms\/wp-content\/uploads\/2023\/04\/Schwenkkopfkamera-1536x1025.jpg 1536w, https:\/\/www.kanalratte-sensesee.ch\/wpcms\/wp-content\/uploads\/2023\/04\/Schwenkkopfkamera-2048x1367.jpg 2048w\" sizes=\"auto, (max-width: 1024px) 100vw, 1024px\" \/><\/figure>\n\n\n\n<p><strong>Schwenkkopfkamera &#8211; KS 60 und KS 135<\/strong><\/p>\n\n\n\n<ul class=\"wp-block-list\">\n<li>Einsatzbereich TV-Inspektion ab 100\u2009bis\u20093000\u2009mm<\/li>\n\n\n\n<li>Kreis- und Schwenkkopfkamera endlos \u00fcber Schleifring<\/li>\n\n\n\n<li>Aufl\u00f6sung HD: 1920 x 1080 Pixel<\/li>\n\n\n\n<li>2 Laserdioden f\u00fcr Messungsaufgaben<\/li>\n\n\n\n<li>Kabellose Zusatzbeleuchtung<\/li>\n\n\n\n<li>Aufrechtes Bild durch E-Flip-Funktion<\/li>\n\n\n\n<li>Zoom: 10-fach optisch, 12-fach digital<\/li>\n\n\n\n<li>Brennweite f 4,2 &#8211; 42,0 mm, Blende F 1,8 &#8211; 2,9<\/li>\n\n\n\n<li>Steckkontakte f\u00fcr eine Zusatzbeleuchtug<\/li>\n\n\n\n<li>Integrierte Ortung: 33 KHz und 512 Hz<\/li>\n<\/ul>\n<\/div>\n\n\n\n<div class=\"wp-block-column is-layout-flow wp-block-column-is-layout-flow\">\n<figure class=\"wp-block-image size-large is-resized\"><img loading=\"lazy\" decoding=\"async\" src=\"https:\/\/www.kanalratte-sensesee.ch\/wpcms\/wp-content\/uploads\/2023\/04\/Omikron-1015x1024.jpg\" alt=\"\" class=\"wp-image-560\" width=\"248\" height=\"250\" srcset=\"https:\/\/www.kanalratte-sensesee.ch\/wpcms\/wp-content\/uploads\/2023\/04\/Omikron-1015x1024.jpg 1015w, https:\/\/www.kanalratte-sensesee.ch\/wpcms\/wp-content\/uploads\/2023\/04\/Omikron-297x300.jpg 297w, https:\/\/www.kanalratte-sensesee.ch\/wpcms\/wp-content\/uploads\/2023\/04\/Omikron-150x150.jpg 150w, https:\/\/www.kanalratte-sensesee.ch\/wpcms\/wp-content\/uploads\/2023\/04\/Omikron-768x775.jpg 768w, https:\/\/www.kanalratte-sensesee.ch\/wpcms\/wp-content\/uploads\/2023\/04\/Omikron-1523x1536.jpg 1523w, https:\/\/www.kanalratte-sensesee.ch\/wpcms\/wp-content\/uploads\/2023\/04\/Omikron-2031x2048.jpg 2031w, https:\/\/www.kanalratte-sensesee.ch\/wpcms\/wp-content\/uploads\/2023\/04\/Omikron-80x80.jpg 80w\" sizes=\"auto, (max-width: 248px) 100vw, 248px\" \/><\/figure>\n\n\n\n<p><strong>OMICRON f\u00fcr Inspektionen im Schiebebetrieb<br>\u200b<\/strong><\/p>\n\n\n\n<ul class=\"wp-block-list\">\n<li>100\u2009\u2013\u2009600\u2009mm<\/li>\n\n\n\n<li>Kreis- und Schwenkkopfkamera<\/li>\n\n\n\n<li>Aufl\u00f6sung HD: 1920 x 1080 Pixel<\/li>\n\n\n\n<li>2 Laserdioden f\u00fcr Messungsaufgaben<\/li>\n\n\n\n<li>Mehrfach-Zoom<\/li>\n\n\n\n<li>Integrierte Ortung: 33 KHz und 512 Hz<\/li>\n<\/ul>\n<\/div>\n<\/div>\n\n\n\n<div data-wp-interactive=\"core\/file\" class=\"wp-block-file\"><object data-wp-bind--hidden=\"!state.hasPdfPreview\" hidden class=\"wp-block-file__embed\" data=\"https:\/\/www.kanalratte-sensesee.ch\/wpcms\/wp-content\/uploads\/2022\/06\/1-Situation-WinCan.pdf\" type=\"application\/pdf\" style=\"width:100%;height:1160px\" aria-label=\"Einbettung von 1-Situation-WinCan.\"><\/object><a id=\"wp-block-file--media-5a0b2e38-3072-410c-b6d9-78b4fce0cd20\" href=\"https:\/\/www.kanalratte-sensesee.ch\/wpcms\/wp-content\/uploads\/2022\/06\/1-Situation-WinCan.pdf\">1-Situation-WinCan<\/a><a href=\"https:\/\/www.kanalratte-sensesee.ch\/wpcms\/wp-content\/uploads\/2022\/06\/1-Situation-WinCan.pdf\" class=\"wp-block-file__button wp-element-button\" download aria-describedby=\"wp-block-file--media-5a0b2e38-3072-410c-b6d9-78b4fce0cd20\">Herunterladen<\/a><\/div>\n","protected":false},"excerpt":{"rendered":"<p>Unsere Dienstleistungen&#46;&#46;&#46;<\/p>\n","protected":false},"author":1,"featured_media":0,"parent":2,"menu_order":12,"comment_status":"closed","ping_status":"closed","template":"","meta":{"footnotes":""},"class_list":["post-141","page","type-page","status-publish","hentry"],"_links":{"self":[{"href":"https:\/\/www.kanalratte-sensesee.ch\/wpcms\/wp-json\/wp\/v2\/pages\/141","targetHints":{"allow":["GET"]}}],"collection":[{"href":"https:\/\/www.kanalratte-sensesee.ch\/wpcms\/wp-json\/wp\/v2\/pages"}],"about":[{"href":"https:\/\/www.kanalratte-sensesee.ch\/wpcms\/wp-json\/wp\/v2\/types\/page"}],"author":[{"embeddable":true,"href":"https:\/\/www.kanalratte-sensesee.ch\/wpcms\/wp-json\/wp\/v2\/users\/1"}],"replies":[{"embeddable":true,"href":"https:\/\/www.kanalratte-sensesee.ch\/wpcms\/wp-json\/wp\/v2\/comments?post=141"}],"version-history":[{"count":58,"href":"https:\/\/www.kanalratte-sensesee.ch\/wpcms\/wp-json\/wp\/v2\/pages\/141\/revisions"}],"predecessor-version":[{"id":579,"href":"https:\/\/www.kanalratte-sensesee.ch\/wpcms\/wp-json\/wp\/v2\/pages\/141\/revisions\/579"}],"up":[{"embeddable":true,"href":"https:\/\/www.kanalratte-sensesee.ch\/wpcms\/wp-json\/wp\/v2\/pages\/2"}],"wp:attachment":[{"href":"https:\/\/www.kanalratte-sensesee.ch\/wpcms\/wp-json\/wp\/v2\/media?parent=141"}],"curies":[{"name":"wp","href":"https:\/\/api.w.org\/{rel}","templated":true}]}}